{"id":84,"date":"2020-08-12T13:26:47","date_gmt":"2020-08-12T11:26:47","guid":{"rendered":"https:\/\/www.xn--mllerreifen-thb.de\/index.php\/home\/"},"modified":"2024-02-28T17:01:38","modified_gmt":"2024-02-28T15:01:38","slug":"home","status":"publish","type":"page","link":"https:\/\/www.xn--mllerreifen-thb.de\/","title":{"rendered":"Home"},"content":{"rendered":"<p align=\"center\"><span style=\"font-family: Arial, Sans-Serif;\"><b>Willkommen auf unserer Internetseite!<\/b><\/span><\/p>\n<p style=\"text-align: center;\" align=\"center\"><span style=\"font-family: Arial, Sans-Serif;\">Mit uns fahren Sie gut! Und vor allem sicher! <\/span><\/p>\n<p style=\"text-align: center;\" align=\"center\"><span style=\"font-family: Arial, Sans-Serif;\">Wir haben die richtigen Reifen f\u00fcr Sie. Wir f\u00fchren Reifen fast aller namhaften Hersteller.<\/span><\/p>\n<p style=\"text-align: center;\">Nat\u00fcrlich bestellen wir auch gerne das gew\u00fcnschte Modell f\u00fcr Sie, falls wir etwas nicht auf Lager haben sollten.<\/p>\n<p style=\"text-align: center;\" align=\"center\"><span style=\"font-family: Arial, Sans-Serif;\">Kommen Sie zu uns und lassen Sie sich beraten.<br \/>\nWir sind Spezialisten und wissen \u00fcber s\u00e4mtliche Neuigkeiten Bescheid. Sowohl bei den Produkten, als auch bei den gesetzlichen Bestimmungen.<\/span><\/p>\n<p style=\"text-align: center;\" align=\"center\"><span style=\"font-family: Arial, Sans-Serif;\">Damit auch morgen noch alles rund l\u00e4uft!<\/span><\/p>\n<p style=\"text-align: center;\" align=\"center\"><span style=\"font-family: Arial, Sans-Serif;\"><b><span style=\"font-size: medium;\">Sollten Sie Fragen haben kontaktieren Sie uns, wir beraten gerne.<\/span><\/b><\/span><\/p>\n<p align=\"center\"><span style=\"font-family: Arial, Sans-Serif;\"><b>Telefon +49 (0) 2166 \/ 26 55 50<\/b><strong><br \/>\n<\/strong><\/span><\/p>\n<p align=\"center\"><span style=\"font-family: Arial, Sans-Serif;\"><strong>Fax +49 (0) 2166 \/ 99 71 41<\/strong><\/span><\/p>\n<p align=\"center\"><span style=\"font-family: Arial, Sans-Serif;\"><strong>Email <span style=\"text-decoration: underline;\"><a href=\"mailto:info@muellerreifen.de\">info@muellerreifen.de<\/a><\/span><br \/>\n<\/strong><\/span><\/p>\n<p align=\"center\"><span style=\"font-family: Arial, Sans-Serif;\"><strong><span style=\"font-size: medium;\">\u00d6ffnungszeiten:<\/span><\/strong><\/span><\/p>\n<p align=\"center\"><span style=\"font-family: Arial, Sans-Serif;\"><strong><span style=\"font-size: medium;\">Mo &#8211; Fr 8:30 &#8211; 18:00 Uhr<br \/>\nSamstags nach Vereinbarung<\/span><\/strong><\/span><\/p>\n<p align=\"center\">\n","protected":false},"excerpt":{"rendered":"<p>Willkommen auf unserer Internetseite! Mit uns fahren Sie gut! Und vor allem sicher! Wir haben die richtigen Reifen f\u00fcr Sie. Wir f\u00fchren Reifen fast aller namhaften Hersteller. Nat\u00fcrlich bestellen wir auch gerne das gew\u00fcnschte Modell f\u00fcr Sie, falls wir etwas nicht auf Lager haben sollten. Kommen Sie zu uns und lassen Sie sich beraten. Wir [&hellip;]<\/p>\n","protected":false},"author":1,"featured_media":0,"parent":0,"menu_order":0,"comment_status":"closed","ping_status":"closed","template":"","meta":{"footnotes":""},"_links":{"self":[{"href":"https:\/\/www.xn--mllerreifen-thb.de\/index.php\/wp-json\/wp\/v2\/pages\/84"}],"collection":[{"href":"https:\/\/www.xn--mllerreifen-thb.de\/index.php\/wp-json\/wp\/v2\/pages"}],"about":[{"href":"https:\/\/www.xn--mllerreifen-thb.de\/index.php\/wp-json\/wp\/v2\/types\/page"}],"author":[{"embeddable":true,"href":"https:\/\/www.xn--mllerreifen-thb.de\/index.php\/wp-json\/wp\/v2\/users\/1"}],"replies":[{"embeddable":true,"href":"https:\/\/www.xn--mllerreifen-thb.de\/index.php\/wp-json\/wp\/v2\/comments?post=84"}],"version-history":[{"count":15,"href":"https:\/\/www.xn--mllerreifen-thb.de\/index.php\/wp-json\/wp\/v2\/pages\/84\/revisions"}],"predecessor-version":[{"id":220,"href":"https:\/\/www.xn--mllerreifen-thb.de\/index.php\/wp-json\/wp\/v2\/pages\/84\/revisions\/220"}],"wp:attachment":[{"href":"https:\/\/www.xn--mllerreifen-thb.de\/index.php\/wp-json\/wp\/v2\/media?parent=84"}],"curies":[{"name":"wp","href":"https:\/\/api.w.org\/{rel}","templated":true}]}}