{"id":51,"date":"2020-08-12T12:42:37","date_gmt":"2020-08-12T12:42:37","guid":{"rendered":"https:\/\/www.xn--mllerreifen-thb.de\/?page_id=51"},"modified":"2024-02-28T14:51:22","modified_gmt":"2024-02-28T12:51:22","slug":"impressum","status":"publish","type":"page","link":"https:\/\/www.xn--mllerreifen-thb.de\/index.php\/impressum\/","title":{"rendered":"Impressum"},"content":{"rendered":"<p>Reifen M\u00fcller<\/br><\/p>\n<p>Inhaber: Rudi M\u00fcller<br \/>\nWickratherstra\u00dfe 240<\/br><\/br><\/p>\n<p>41236 M\u00f6nchengladbach<\/br><\/br><\/p>\n<p>Telefon: +49 (0)2166 &#8211; 265 550<br \/>\nFax:\u00a0\u00a0\u00a0 \u00a0 \u00a0 +49 (0)2166 &#8211; 997 141<br \/>\nEMail:\u00a0\u00a0\u00a0 info@muellerreifen.de<\/br><\/br><\/p>\n<p>Gesch\u00e4ftsf\u00fchrer: Rudi Hans Georg M\u00fcller<\/br><\/br><\/p>\n<p>Steuer-Nr.: 121\/5273\/5357<br \/>\nUst.-IdNr.:\u00a0 DE813852113<\/p>\n<p>&nbsp;<\/p>\n","protected":false},"excerpt":{"rendered":"<p>Reifen M\u00fcller Inhaber: Rudi M\u00fcller Wickratherstra\u00dfe 240 41236 M\u00f6nchengladbach Telefon: +49 (0)2166 &#8211; 265 550 Fax:\u00a0\u00a0\u00a0 \u00a0 \u00a0 +49 (0)2166 &#8211; 997 141 EMail:\u00a0\u00a0\u00a0 info@muellerreifen.de Gesch\u00e4ftsf\u00fchrer: Rudi Hans Georg M\u00fcller Steuer-Nr.: 121\/5273\/5357 Ust.-IdNr.:\u00a0 DE813852113 &nbsp;<\/p>\n","protected":false},"author":1,"featured_media":0,"parent":0,"menu_order":0,"comment_status":"closed","ping_status":"closed","template":"","meta":{"footnotes":""},"_links":{"self":[{"href":"https:\/\/www.xn--mllerreifen-thb.de\/index.php\/wp-json\/wp\/v2\/pages\/51"}],"collection":[{"href":"https:\/\/www.xn--mllerreifen-thb.de\/index.php\/wp-json\/wp\/v2\/pages"}],"about":[{"href":"https:\/\/www.xn--mllerreifen-thb.de\/index.php\/wp-json\/wp\/v2\/types\/page"}],"author":[{"embeddable":true,"href":"https:\/\/www.xn--mllerreifen-thb.de\/index.php\/wp-json\/wp\/v2\/users\/1"}],"replies":[{"embeddable":true,"href":"https:\/\/www.xn--mllerreifen-thb.de\/index.php\/wp-json\/wp\/v2\/comments?post=51"}],"version-history":[{"count":12,"href":"https:\/\/www.xn--mllerreifen-thb.de\/index.php\/wp-json\/wp\/v2\/pages\/51\/revisions"}],"predecessor-version":[{"id":200,"href":"https:\/\/www.xn--mllerreifen-thb.de\/index.php\/wp-json\/wp\/v2\/pages\/51\/revisions\/200"}],"wp:attachment":[{"href":"https:\/\/www.xn--mllerreifen-thb.de\/index.php\/wp-json\/wp\/v2\/media?parent=51"}],"curies":[{"name":"wp","href":"https:\/\/api.w.org\/{rel}","templated":true}]}}